{"id":22,"date":"2025-12-01T12:11:21","date_gmt":"2025-12-01T12:11:21","guid":{"rendered":"http:\/\/odtukkkglobal.com\/?page_id=22"},"modified":"2025-12-26T13:46:21","modified_gmt":"2025-12-26T13:46:21","slug":"kunye","status":"publish","type":"page","link":"https:\/\/odtukkkglobal.com\/index.php\/kunye\/","title":{"rendered":"K\u00fcnye"},"content":{"rendered":"\n<p>Dergi Ad\u0131: Global<br>ISSN: Ba\u015fvuru a\u015famas\u0131nda<br>Yay\u0131n T\u00fcr\u00fc: \u00d6\u011frenci dergisi<br>Yay\u0131n Dili: T\u00fcrk\u00e7e<br>Yay\u0131n S\u0131kl\u0131\u011f\u0131: Y\u0131lda iki say\u0131 (Bahar \u2013 G\u00fcz)<br>Yay\u0131nc\u0131: ODT\u00dc KKK Uluslararas\u0131 \u0130li\u015fkiler Toplulu\u011fu<br>Edit\u00f6r: T\u00fcrker SIYLI<br>Edit\u00f6r Yard\u0131mc\u0131lar\u0131:<br>Yay\u0131n Kurulu: Yaren Su \u00d6ZKAN &amp; Kaan \u00c7ANKIRLI &amp; Arhan \u0130REN<br>Dan\u0131\u015fma Kurulu: Do\u00e7. Dr. Defne G\u00d6NEN\u00c7 &amp; \u00d6\u011fr. G\u00f6r. Nilay ONBA\u015eI \u00dcRES\u0130N &amp; Do\u00e7. Dr. Hayriye KAHVEC\u0130 \u00d6ZG\u00dcR<br>Yay\u0131n Yeri: G\u00fczelyurt \/ KKTC<br>\u0130leti\u015fim: odtuirs@gmail.com<br>Web Sitesi: odtukkkglobal.com<\/p>\n\n\n\n<p><\/p>\n","protected":false},"excerpt":{"rendered":"<p>Dergi Ad\u0131: GlobalISSN: Ba\u015fvuru a\u015famas\u0131ndaYay\u0131n T\u00fcr\u00fc: \u00d6\u011frenci dergisiYay\u0131n Dili: T\u00fcrk\u00e7eYay\u0131n S\u0131kl\u0131\u011f\u0131: Y\u0131lda iki say\u0131 (Bahar \u2013 G\u00fcz)Yay\u0131nc\u0131: ODT\u00dc KKK Uluslararas\u0131<\/p>\n","protected":false},"author":1,"featured_media":0,"parent":0,"menu_order":0,"comment_status":"closed","ping_status":"closed","template":"","meta":{"colormag_page_container_layout":"default_layout","colormag_page_sidebar_layout":"default_layout","footnotes":""},"class_list":["post-22","page","type-page","status-publish","hentry"],"_links":{"self":[{"href":"https:\/\/odtukkkglobal.com\/index.php\/wp-json\/wp\/v2\/pages\/22","targetHints":{"allow":["GET"]}}],"collection":[{"href":"https:\/\/odtukkkglobal.com\/index.php\/wp-json\/wp\/v2\/pages"}],"about":[{"href":"https:\/\/odtukkkglobal.com\/index.php\/wp-json\/wp\/v2\/types\/page"}],"author":[{"embeddable":true,"href":"https:\/\/odtukkkglobal.com\/index.php\/wp-json\/wp\/v2\/users\/1"}],"replies":[{"embeddable":true,"href":"https:\/\/odtukkkglobal.com\/index.php\/wp-json\/wp\/v2\/comments?post=22"}],"version-history":[{"count":4,"href":"https:\/\/odtukkkglobal.com\/index.php\/wp-json\/wp\/v2\/pages\/22\/revisions"}],"predecessor-version":[{"id":63,"href":"https:\/\/odtukkkglobal.com\/index.php\/wp-json\/wp\/v2\/pages\/22\/revisions\/63"}],"wp:attachment":[{"href":"https:\/\/odtukkkglobal.com\/index.php\/wp-json\/wp\/v2\/media?parent=22"}],"curies":[{"name":"wp","href":"https:\/\/api.w.org\/{rel}","templated":true}]}}