{"id":27,"date":"2025-12-01T12:12:37","date_gmt":"2025-12-01T12:12:37","guid":{"rendered":"http:\/\/odtukkkglobal.com\/?page_id=27"},"modified":"2025-12-26T13:17:44","modified_gmt":"2025-12-26T13:17:44","slug":"hakkimizda","status":"publish","type":"page","link":"https:\/\/odtukkkglobal.com\/index.php\/hakkimizda\/","title":{"rendered":"Hakk\u0131m\u0131zda"},"content":{"rendered":"\n<h2 class=\"wp-block-heading has-medium-font-size\">Vizyon: Global, uluslararas\u0131 ili\u015fkiler ve sosyal bilimler alan\u0131nda \u00f6\u011frenci merkezli akademik \u00fcretimi te\u015fvik eden, ele\u015ftirel d\u00fc\u015f\u00fcnceyi merkeze alan ve uluslararas\u0131 d\u00fczeyde referans g\u00f6sterilen bir dergi olmay\u0131 hedefler.<\/h2>\n\n\n\n<p>Misyon: Global, lisans ve lisans\u00fcst\u00fc \u00f6\u011frencilerin akademik yaz\u0131lar\u0131n\u0131 yay\u0131mlayabilecekleri \u00f6zg\u00fcr ve nitelikli bir platform sunmay\u0131; disiplinleraras\u0131 yakla\u015f\u0131mlarla uluslararas\u0131 ili\u015fkiler, siyaset bilimi ve ilgili alanlarda akademik tart\u0131\u015fmalar\u0131 te\u015fvik etmeyi ama\u00e7lar.<\/p>\n\n\n\n<p>Dergi, dan\u0131\u015fman ve edit\u00f6rden olu\u015fan de\u011ferlendirme s\u00fcreci ile bilimsel etik ve akademik standartlar\u0131 g\u00f6zetir.<\/p>\n\n\n\n<p><\/p>\n","protected":false},"excerpt":{"rendered":"<p>Vizyon: Global, uluslararas\u0131 ili\u015fkiler ve sosyal bilimler alan\u0131nda \u00f6\u011frenci merkezli akademik \u00fcretimi te\u015fvik eden, ele\u015ftirel d\u00fc\u015f\u00fcnceyi merkeze alan ve uluslararas\u0131<\/p>\n","protected":false},"author":1,"featured_media":0,"parent":0,"menu_order":0,"comment_status":"closed","ping_status":"closed","template":"","meta":{"colormag_page_container_layout":"default_layout","colormag_page_sidebar_layout":"default_layout","footnotes":""},"class_list":["post-27","page","type-page","status-publish","hentry"],"_links":{"self":[{"href":"https:\/\/odtukkkglobal.com\/index.php\/wp-json\/wp\/v2\/pages\/27","targetHints":{"allow":["GET"]}}],"collection":[{"href":"https:\/\/odtukkkglobal.com\/index.php\/wp-json\/wp\/v2\/pages"}],"about":[{"href":"https:\/\/odtukkkglobal.com\/index.php\/wp-json\/wp\/v2\/types\/page"}],"author":[{"embeddable":true,"href":"https:\/\/odtukkkglobal.com\/index.php\/wp-json\/wp\/v2\/users\/1"}],"replies":[{"embeddable":true,"href":"https:\/\/odtukkkglobal.com\/index.php\/wp-json\/wp\/v2\/comments?post=27"}],"version-history":[{"count":3,"href":"https:\/\/odtukkkglobal.com\/index.php\/wp-json\/wp\/v2\/pages\/27\/revisions"}],"predecessor-version":[{"id":62,"href":"https:\/\/odtukkkglobal.com\/index.php\/wp-json\/wp\/v2\/pages\/27\/revisions\/62"}],"wp:attachment":[{"href":"https:\/\/odtukkkglobal.com\/index.php\/wp-json\/wp\/v2\/media?parent=27"}],"curies":[{"name":"wp","href":"https:\/\/api.w.org\/{rel}","templated":true}]}}